{"id":108,"date":"2022-06-15T15:09:33","date_gmt":"2022-06-15T15:09:33","guid":{"rendered":"https:\/\/wisarn2022.nws.cs.unibo.it\/?page_id=108"},"modified":"2026-03-24T21:25:00","modified_gmt":"2026-03-24T21:25:00","slug":"program-2","status":"publish","type":"page","link":"https:\/\/netrobics2026.nws.cs.unibo.it\/?page_id=108","title":{"rendered":"Program"},"content":{"rendered":"\n<h2 class=\"wp-block-heading has-text-align-center\">The 19th International Workshop on Networked Robotics and Communication Systems (NetRobiCS)<br><\/h2>\n\n\n\n<h4 class=\"wp-block-heading has-text-align-center\">Monday, May 18, 2026 \u25cf 08:15 \u2013 17:30 \u25cf Room: Kaede<br><\/h4>\n\n\n\n<p>Robotic networks have emerged as a transformative force with the potential to reshape<br>industries, enhance our daily lives, and venture into the most challenging environments on<br>Earth and beyond. At the heart of this transformation lies the critical aspect of communication<br>and networking, enabling robots to operate effectively, share data and collaborate seamlessly.<br>In this era of interconnected devices, robots rely on advanced communication protocols and<br>networks to function efficiently in diverse environments. Whether in manufacturing, healthcare,<br>autonomous vehicles, or space exploration, the ability of robots to communicate with each<br>other and with humans is transforming industries and pushing the boundaries of technological<br>innovation.<br>The frontier of research foresees the deployment of highly autonomic and integrated scenarios<br>where heterogeneous ground, aerial and\/or marine robots coordinate with each other and with<br>the existing sensing and processing infrastructures to accomplish complex tasks. On the one<br>side, this implies proposing and investigating novel M2M solutions and network protocols to<br>enable the data communication on the aerial and ground segments while taking into account<br>the novel possibilities offered by the emerging technologies (e.g. 5G\/6G and LEO satellite<br>communications). The communication technologies must be paired with proper control<br>mobility functions to support swarm operations and to instill coordinated behaviors. On the<br>other side, the data processing on the mobile edges may take advantage of emerging<br>federated and embedded AI techniques to drastically reduce the latency of the decision<br>process while limiting the amount of data transferred from the robotic networks.<br>Building on the success of the previous 18 editions, the NetRobiCS 2026 workshop aims at<br>bringing together state-of-the-art contributions on the design, specification, and evaluation of<br>architectures, algorithms, applications, and protocols for current and future applications of<br>wireless ground, marine and aerial robotic networks.<br><\/p>\n\n\n\n<p><strong>General Chairs<\/strong><br>Enrico Natalizio (Technology Innovation Institute (TII), UAE)<br>Yannis Paschalidis (Boston University, USA)<br><\/p>\n\n\n\n<p><strong>Program Chairs<\/strong><br>Christelle Caillouet (Universit\u00e9 C\u00f4te d\u2019Azur, France)<br>Marco Di Felice (University of Bologna, Italy)<br>Jennifer Simonjan (Technology Innovation Institute (TII), UAE)<br><\/p>\n\n\n\n<p><strong>Web and Publicity Chair<\/strong><br>Lorenzo Gigli, University of Bologna, Italy<br>Alfonso Esposito, University of Bologna, Italy<br><\/p>\n\n\n\n<p><strong>08:15\u201308:30<\/strong><br><strong>Welcome<\/strong><br><\/p>\n\n\n\n<p><strong>08:30\u201310:00<\/strong><br><strong>Session 1: Network control and planning<\/strong><\/p>\n\n\n\n<p><br><strong>Where is my mind? Decentralized Control Migration for Long-Endurance Robot<br>Swarms<\/strong><br>Gaetano Pispisa and Alessandro Giuffr\u00e8 (University of Messina, Italy); Davide Giacalone<br>(STMicroelectronics, Italy); Arcangelo Bruna (ST Microelectronics, Italy); Giovanni<br>Merlino (University of Messina &amp; National Interuniversity Consortium for Informatics<br>(CINI), Italy); Francesco Longo (University of Messina, Italy)<br><\/p>\n\n\n\n<p><strong>Communication-aware Robot Motion Planning via Online Estimation of Radio Maps<\/strong><br>Daniel Gordon (Huawei Technologies Duesseldorf GmBH, Germany); Mohammad Bariq<br>Khan (Huawei Technologies Duesseldorf GmBH, Germany &amp; Technical University<br>Berlin, Germany); Tommaso Zugno (Huawei Technologies Duesseldorf GmbH,<br>Germany); Yiqun Wu (Huawei, China); Mate Boban(Huawei Technologies Duesseldorf<br>GmbH, Germany); Xueli An (Huawei Technologies, Germany); Falko Dressler (TU Berlin,<br>Germany)<br><\/p>\n\n\n\n<p><strong>Command and Control of Drones over 5G<\/strong><br>Enrique Caballero and Christian Bettstetter (University of Klagenfurt, Austria); Dominic<br>A. Schupke (Airbus Defence and Space GmbH &amp; Airbus Central Research and<br>Technology, Germany); Aymen Fakhreddine (University of Klagenfurt, Austria)<br><\/p>\n\n\n\n<p><strong>10:00\u201310:30<br>Coffee Break<\/strong><br><\/p>\n\n\n\n<p><strong>10:30\u201311:30<br>Keynote 1: Prof. Xavier Defago<\/strong><br>Head of Research Lab. on Dependable Distributed Systems (D2S)<br>Science Tokyo, Japan<br>Title: TBA<br>Abstract: TBA<br><\/p>\n\n\n\n<p><strong>11:30\u201312:30<br>Session 2: Optimization of Swarm Robotics<\/strong><br><strong>Discovery Storm: Scalability Analysis of DDS and Zenoh in Large-Scale Wireless<br>Robotic Networks<\/strong><br>Sanghoon Lee (DGIST, Korea (South)); Yeonwoo Choi and Jiyeong Chae (Daegu<br>Gyeongbuk Institute of Science and Technology, Korea (South)); Kyung-Joon Park<br>(DGIST, Korea (South))<\/p>\n\n\n\n<p><br><strong>Remote Reinforcement Learning over Unreliable Channels with Homomorphic<br>State Representations<\/strong><br>Pietro Talli, Federico Mason and Federico Chiariotti (University of Padova, Italy); Andrea<br>Zanella (University of Padova, Italy &amp; CNIT, Italy)<br><\/p>\n\n\n\n<p><strong>12:30\u201314:00<br>Lunch Break<\/strong><br><\/p>\n\n\n\n<p>14:00\u201315:30<br>Session 3: Robotics for 6G<\/p>\n\n\n\n<p><br><strong>Keynote 2: Dr. Xueli An<\/strong><br>Head of 6G Network Architecture Research Group<br>Huawei Technologies Duesseldorf GmbH,<br>Munich Research Center, Germany<br>Title : <strong>The Future of Robotics in the 6G Era<\/strong><br>Abstract : 6G is envisioned as a transformative communication technology, delivering<br>capabilities that far exceed those of 5G. These advanced features are critical for<br>enabling seamless integration and intelligent coordination across different technical<br>and business domains. For robotics, 6G\u2019s potential impact is profound: it can support<br>large\u2011scale swarm coordination, tele\u2011operation with near\u2011instant responsiveness, and<br>seamless integration of robots into cyber\u2011physical ecosystems such as smart factories,<br>healthcare, and autonomous mobility. Yet, key challenges remain, including ensuring<br>deterministic communication in dynamic wireless environments, safeguarding security<br>and privacy in distributed robotic networks, etc. Potential research directions include<br>developing closed\u2011loop orchestration frameworks powered by Agentic AI for real\u2011time<br>intent translation, designing resilient network slicing tailored to robotic workloads,<br>exploring semantic communication for task\u2011oriented collaboration, and advancing<br>cross\u2011layer optimization to balance performance with sustainability. Together, these<br>efforts will be essential to fully realize the promise of 6G\u2011enabled robotics.<br>one6G Association is an international non\u2011profit organization that brings together<br>telecom operators, vendors, research institutes, and universities to shape the future of<br>6G and ensure its alignment with societal and industrial needs. In the field of robotics,<br>one6G has published dedicated white papers analysing how 6G capabilities can enable<br>advanced robotic applications across different industry sectors. Their work highlights<br>the importance of seamless integration between communication, sensing, and native<br>AI, and positions 6G as a key enabler for autonomous robotic systems. By identifying<br>requirements and promoting cross\u2011industry cooperation, one6G is laying the<br>groundwork for standardization and ecosystem development that will allow robotics to<br>thrive in the 6G era. This talk will introduce one6G\u2019s vision for 6G\u2011enabled robotics.<br><\/p>\n\n\n\n<p><strong>O-RACES: Proactive AI-driven Scheduling in Open RAN for 6G-Networked<br>Humanoid Robots<\/strong><br>Niklas A. Wagner and Christian Wietfeld (TU Dortmund University, Germany)<br><\/p>\n\n\n\n<p><strong>15:30\u201316:00<br>Afternoon Coffee Break<\/strong><br><\/p>\n\n\n\n<p><strong>16:00\u201317:30<br>Session 4: Applications of Swarm Robotics<\/strong><br><\/p>\n\n\n\n<p><strong>Who Leads the Spread? Strategic Nodes in Heterogeneous Human-Machine<br>Networks for Resilient Robotics<\/strong><br>Carmela Comito (ICAR &#8211; National Research Council of Italy, Italy); Annalisa Socievole<br>(National Research Council of Italy, Italy)<br><\/p>\n\n\n\n<p><strong>Hybrid Collision Avoidance Framework for UAV Swarm Operations for PPDR<br>Missions<\/strong><br>Diogo Correia (University of Aveiro, Portugal); Joaquim Ramos (Instituto de<br>Telecomunica\u00e7\u00f5es, Portugal); Pedro Rito (University of Aveiro, Portugal &amp; Instituto de<br>Telecomunica\u00e7\u00f5es, Portugal); Duarte Raposo (Instituto de Telecomunica\u00e7\u00f5es,<br>Portugal); Susana Sargento (Universidade de Aveiro, Portugal)<br><\/p>\n\n\n\n<p><strong>Asynchronous SLM Orchestrator for Mission-Critical Robotic Telesurgery Networks<\/strong><br>Rahman Abdul Rafi, Christian Stephens, Shakil Ahmed and Ashfaq Khokhar (Iowa State<br>University, USA)<\/p>\n","protected":false},"excerpt":{"rendered":"<p>The 19th International Workshop on Networked Robotics and Communication Systems (NetRobiCS) Monday, May 18, 2026 \u25cf 08:15 \u2013 17:30 \u25cf Room: Kaede Robotic networks have emerged as a transformative force with the potential to reshapeindustries, enhance our daily lives, and venture into the most challenging environments onEarth and beyond. At the heart of this transformation [&hellip;]<\/p>\n","protected":false},"author":2,"featured_media":0,"parent":0,"menu_order":0,"comment_status":"closed","ping_status":"closed","template":"","meta":{"_monsterinsights_skip_tracking":false,"_monsterinsights_sitenote_active":false,"_monsterinsights_sitenote_note":"","_monsterinsights_sitenote_category":0,"footnotes":""},"class_list":["post-108","page","type-page","status-publish","hentry"],"yoast_head":"<!-- This site is optimized with the Yoast SEO plugin v18.3 - https:\/\/yoast.com\/wordpress\/plugins\/seo\/ -->\n<title>Program - IEEE NetRobiCS 2026<\/title>\n<meta name=\"robots\" content=\"index, follow, max-snippet:-1, max-image-preview:large, max-video-preview:-1\" \/>\n<link rel=\"canonical\" href=\"https:\/\/netrobics2026.nws.cs.unibo.it\/?page_id=108\" \/>\n<meta property=\"og:locale\" content=\"en_US\" \/>\n<meta property=\"og:type\" content=\"article\" \/>\n<meta property=\"og:title\" content=\"Program - IEEE NetRobiCS 2026\" \/>\n<meta property=\"og:description\" content=\"The 19th International Workshop on Networked Robotics and Communication Systems (NetRobiCS) Monday, May 18, 2026 \u25cf 08:15 \u2013 17:30 \u25cf Room: Kaede Robotic networks have emerged as a transformative force with the potential to reshapeindustries, enhance our daily lives, and venture into the most challenging environments onEarth and beyond. At the heart of this transformation [&hellip;]\" \/>\n<meta property=\"og:url\" content=\"https:\/\/netrobics2026.nws.cs.unibo.it\/?page_id=108\" \/>\n<meta property=\"og:site_name\" content=\"IEEE NetRobiCS 2026\" \/>\n<meta property=\"article:modified_time\" content=\"2026-03-24T21:25:00+00:00\" \/>\n<meta name=\"twitter:card\" content=\"summary_large_image\" \/>\n<meta name=\"twitter:label1\" content=\"Est. reading time\" \/>\n\t<meta name=\"twitter:data1\" content=\"1 minute\" \/>\n<script type=\"application\/ld+json\" class=\"yoast-schema-graph\">{\"@context\":\"https:\/\/schema.org\",\"@graph\":[{\"@type\":\"WebSite\",\"@id\":\"https:\/\/netrobics2026.nws.cs.unibo.it\/#website\",\"url\":\"https:\/\/netrobics2026.nws.cs.unibo.it\/\",\"name\":\"IEEE NetRobiCS 2026\",\"description\":\"The 19th International Workshop on Networked Robotics and Communication Systems\",\"potentialAction\":[{\"@type\":\"SearchAction\",\"target\":{\"@type\":\"EntryPoint\",\"urlTemplate\":\"https:\/\/netrobics2026.nws.cs.unibo.it\/?s={search_term_string}\"},\"query-input\":\"required name=search_term_string\"}],\"inLanguage\":\"en-US\"},{\"@type\":\"WebPage\",\"@id\":\"https:\/\/netrobics2026.nws.cs.unibo.it\/?page_id=108#webpage\",\"url\":\"https:\/\/netrobics2026.nws.cs.unibo.it\/?page_id=108\",\"name\":\"Program - IEEE NetRobiCS 2026\",\"isPartOf\":{\"@id\":\"https:\/\/netrobics2026.nws.cs.unibo.it\/#website\"},\"datePublished\":\"2022-06-15T15:09:33+00:00\",\"dateModified\":\"2026-03-24T21:25:00+00:00\",\"breadcrumb\":{\"@id\":\"https:\/\/netrobics2026.nws.cs.unibo.it\/?page_id=108#breadcrumb\"},\"inLanguage\":\"en-US\",\"potentialAction\":[{\"@type\":\"ReadAction\",\"target\":[\"https:\/\/netrobics2026.nws.cs.unibo.it\/?page_id=108\"]}]},{\"@type\":\"BreadcrumbList\",\"@id\":\"https:\/\/netrobics2026.nws.cs.unibo.it\/?page_id=108#breadcrumb\",\"itemListElement\":[{\"@type\":\"ListItem\",\"position\":1,\"name\":\"Home\",\"item\":\"https:\/\/netrobics2026.nws.cs.unibo.it\/\"},{\"@type\":\"ListItem\",\"position\":2,\"name\":\"Program\"}]}]}<\/script>\n<!-- \/ Yoast SEO plugin. -->","yoast_head_json":{"title":"Program - IEEE NetRobiCS 2026","robots":{"index":"index","follow":"follow","max-snippet":"max-snippet:-1","max-image-preview":"max-image-preview:large","max-video-preview":"max-video-preview:-1"},"canonical":"https:\/\/netrobics2026.nws.cs.unibo.it\/?page_id=108","og_locale":"en_US","og_type":"article","og_title":"Program - IEEE NetRobiCS 2026","og_description":"The 19th International Workshop on Networked Robotics and Communication Systems (NetRobiCS) Monday, May 18, 2026 \u25cf 08:15 \u2013 17:30 \u25cf Room: Kaede Robotic networks have emerged as a transformative force with the potential to reshapeindustries, enhance our daily lives, and venture into the most challenging environments onEarth and beyond. At the heart of this transformation [&hellip;]","og_url":"https:\/\/netrobics2026.nws.cs.unibo.it\/?page_id=108","og_site_name":"IEEE NetRobiCS 2026","article_modified_time":"2026-03-24T21:25:00+00:00","twitter_card":"summary_large_image","twitter_misc":{"Est. reading time":"1 minute"},"schema":{"@context":"https:\/\/schema.org","@graph":[{"@type":"WebSite","@id":"https:\/\/netrobics2026.nws.cs.unibo.it\/#website","url":"https:\/\/netrobics2026.nws.cs.unibo.it\/","name":"IEEE NetRobiCS 2026","description":"The 19th International Workshop on Networked Robotics and Communication Systems","potentialAction":[{"@type":"SearchAction","target":{"@type":"EntryPoint","urlTemplate":"https:\/\/netrobics2026.nws.cs.unibo.it\/?s={search_term_string}"},"query-input":"required name=search_term_string"}],"inLanguage":"en-US"},{"@type":"WebPage","@id":"https:\/\/netrobics2026.nws.cs.unibo.it\/?page_id=108#webpage","url":"https:\/\/netrobics2026.nws.cs.unibo.it\/?page_id=108","name":"Program - IEEE NetRobiCS 2026","isPartOf":{"@id":"https:\/\/netrobics2026.nws.cs.unibo.it\/#website"},"datePublished":"2022-06-15T15:09:33+00:00","dateModified":"2026-03-24T21:25:00+00:00","breadcrumb":{"@id":"https:\/\/netrobics2026.nws.cs.unibo.it\/?page_id=108#breadcrumb"},"inLanguage":"en-US","potentialAction":[{"@type":"ReadAction","target":["https:\/\/netrobics2026.nws.cs.unibo.it\/?page_id=108"]}]},{"@type":"BreadcrumbList","@id":"https:\/\/netrobics2026.nws.cs.unibo.it\/?page_id=108#breadcrumb","itemListElement":[{"@type":"ListItem","position":1,"name":"Home","item":"https:\/\/netrobics2026.nws.cs.unibo.it\/"},{"@type":"ListItem","position":2,"name":"Program"}]}]}},"_links":{"self":[{"href":"https:\/\/netrobics2026.nws.cs.unibo.it\/index.php?rest_route=\/wp\/v2\/pages\/108","targetHints":{"allow":["GET"]}}],"collection":[{"href":"https:\/\/netrobics2026.nws.cs.unibo.it\/index.php?rest_route=\/wp\/v2\/pages"}],"about":[{"href":"https:\/\/netrobics2026.nws.cs.unibo.it\/index.php?rest_route=\/wp\/v2\/types\/page"}],"author":[{"embeddable":true,"href":"https:\/\/netrobics2026.nws.cs.unibo.it\/index.php?rest_route=\/wp\/v2\/users\/2"}],"replies":[{"embeddable":true,"href":"https:\/\/netrobics2026.nws.cs.unibo.it\/index.php?rest_route=%2Fwp%2Fv2%2Fcomments&post=108"}],"version-history":[{"count":16,"href":"https:\/\/netrobics2026.nws.cs.unibo.it\/index.php?rest_route=\/wp\/v2\/pages\/108\/revisions"}],"predecessor-version":[{"id":253,"href":"https:\/\/netrobics2026.nws.cs.unibo.it\/index.php?rest_route=\/wp\/v2\/pages\/108\/revisions\/253"}],"wp:attachment":[{"href":"https:\/\/netrobics2026.nws.cs.unibo.it\/index.php?rest_route=%2Fwp%2Fv2%2Fmedia&parent=108"}],"curies":[{"name":"wp","href":"https:\/\/api.w.org\/{rel}","templated":true}]}}